{"id":34,"date":"2026-04-21T13:07:57","date_gmt":"2026-04-21T13:07:57","guid":{"rendered":"https:\/\/academy.pure-pmu.com\/?page_id=34"},"modified":"2026-04-21T15:07:57","modified_gmt":"2026-04-21T13:07:57","slug":"rueckerstattung_rueckgaben","status":"publish","type":"page","link":"https:\/\/academy.pure-pmu.com\/it\/rueckerstattung_rueckgaben\/","title":{"rendered":"Politica di rimborso"},"content":{"rendered":"<div data-elementor-type=\"wp-page\" data-elementor-id=\"34\" class=\"elementor elementor-34\" data-elementor-post-type=\"page\">\n\t\t\t\t<div class=\"elementor-element elementor-element-8aa9626 e-con-full e-flex e-con e-parent\" data-id=\"8aa9626\" data-element_type=\"container\">\n\t\t\t\t<div class=\"elementor-element elementor-element-8f020ea elementor-widget elementor-widget-text-editor\" data-id=\"8f020ea\" data-element_type=\"widget\" data-widget_type=\"text-editor.default\">\n\t\t\t\t<div class=\"elementor-widget-container\">\n\t\t\t\t\t\t\t\t\t<div  class=\"agb_content agb_revocation  notranslate\"><div><h2>A. Politica di cancellazione<\/h2>\n\n<h3>Introduzione<\/h3>\n\n<p>I consumatori hanno diritto al recesso in conformit\u00e0 alle seguenti disposizioni, in base alle quali per consumatore si intende qualsiasi persona fisica che conclude un negozio giuridico per scopi che non possono essere prevalentemente attribuiti n\u00e9 alla sua attivit\u00e0 commerciale n\u00e9 alla sua attivit\u00e0 professionale indipendente:<\/p>\n\n<h3>Diritto di cancellazione<\/h3>\n\n<p>Il cliente ha il diritto di recedere dal contratto entro quattordici giorni senza fornire alcuna motivazione.<\/p>\n\n<p>Il termine di cancellazione \u00e8 di quattordici giorni dal giorno in cui il cliente o un terzo da lui nominato, che non sia il vettore, \u00e8 entrato in possesso dell'ultima merce.<\/p>\n\n<p>In deroga a quanto sopra, nel caso di un contratto per la consegna regolare di merci a tempo determinato, il termine di recesso \u00e8 di quattordici giorni dal giorno in cui il cliente o un terzo da lui nominato, che non sia il vettore, \u00e8 entrato in possesso della prima merce.<\/p>\n\n<p>Per esercitare il diritto di recesso, dovete informarci (Pimp Your Skills GmbH, Traunuferstra\u00dfe 28, 4052 Ansfelden, \u00d6sterreich, Tel.: +436607020589, E-Mail: office@pure-pmu.com) della vostra decisione di recedere dal presente contratto tramite una dichiarazione chiara (ad esempio una lettera inviata per posta o un'e-mail). \u00c8 possibile utilizzare il modulo di cancellazione allegato, ma non \u00e8 obbligatorio.<\/p>\n\n<p>Per rispettare il termine di cancellazione, \u00e8 sufficiente che il cliente invii la notifica di esercizio del diritto di cancellazione prima della scadenza del periodo di cancellazione.<\/p>\n\n<h3>Conseguenze della cancellazione<\/h3>\n\n<p>Se Lei recede dal presente contratto, Le rimborseremo tutti i pagamenti da Lei ricevuti, compresi i costi di consegna (ad eccezione dei costi supplementari derivanti dalla Sua scelta di un tipo di consegna diverso dal tipo meno costoso di consegna standard da noi offerto), senza indebito ritardo e in ogni caso non oltre 14 giorni dal giorno in cui siamo informati della Sua decisione di recedere dal presente contratto. Per questo rimborso, utilizzeremo lo stesso mezzo di pagamento che avete utilizzato per la transazione originale, a meno che non sia stato espressamente concordato diversamente con voi; in nessun caso vi saranno addebitate spese per questo rimborso. Potremo trattenere il rimborso finch\u00e9 non avremo ricevuto la merce o finch\u00e9 il cliente non avr\u00e0 fornito la prova di averla restituita, a seconda di quale delle due condizioni si verifichi per prima.<\/p>\n\n<p>Dovete restituirci o consegnarci la merce immediatamente e comunque entro e non oltre quattordici giorni dal giorno in cui ci avete informato della cancellazione del presente contratto. Il termine \u00e8 rispettato se la merce viene spedita prima della scadenza del periodo di quattordici giorni.<\/p>\n\n<p>I costi diretti della restituzione della merce sono a carico del cliente.<\/p>\n\n<p>Il cliente \u00e8 tenuto a pagare l'eventuale perdita di valore della merce solo se tale perdita di valore \u00e8 dovuta a una manipolazione della merce non necessaria per verificarne lo stato, le propriet\u00e0 e la funzionalit\u00e0.<\/p>\n\n<h2>B. Modulo di cancellazione<\/h2>\n\n<p>Se si desidera annullare il contratto, si prega di compilare e restituire il presente modulo.<\/p>\n\n<p>A<\/p>\n\n<p>Pimp Your Skills GmbH<br \/>\nTraunuferstra\u00dfe 28<br \/>\n4052 Ansfelden<br \/>\nAustria<\/p>\n\n<p>E-mail: office@pure-pmu.com<\/p>\n\n<p>Con la presente io\/noi (*) revochiamo il contratto stipulato da me\/noi (*) per l'acquisto dei seguenti beni (*) \/ la fornitura del seguente servizio (*)<\/p>\n\n<p>_______________________________________________________<\/p>\n\n<p>_______________________________________________________<\/p>\n\n<p>Ordinato il (*) ____________ \/ ricevuto il (*) __________________<\/p>\n\n<p>________________________________________________________<br \/>\nNome del\/i consumatore\/i<\/p>\n\n<p>________________________________________________________<br \/>\nIndirizzo del\/i consumatore\/i<\/p>\n\n<p>________________________________________________________<br \/>\nFirma del\/i consumatore\/i (solo per la notifica su carta)<\/p>\n\n<p>_________________________<br \/>\ndata<\/p>\n\n<p>(*) Cancellare la dicitura non pertinente<\/p><\/div><div id=\"itkanzlei_txt_copyright\" style=\"font-size: 12px; margin-top: 8em;\"><div style=\"display: inline-block; vertical-align: top;\"><a href=\"https:\/\/www.it-recht-kanzlei.de\/\" target=\"_blank\"><img decoding=\"async\" src=\"https:\/\/www.it-recht-kanzlei.de\/logo\/Copyright-Logo_Widerrufsbelehrung.png?i=5e74f-44ed1-39c9-907f-1\" id=\"itkanzlei_img_copyright\" alt=\"&copy; IT-Recht Kanzlei\" title=\"Studio legale IT\" style=\"margin-top: -20px; border-style: none; max-width: 100%;\" \/><\/a><\/div><div style=\"display: inline-block; vertical-align: top; margin-left: 5px; float: right; white-space: nowrap;\">Stato: 21\/04\/2026, 15:07:56<\/div><div style=\"clear: right;\"><\/div><\/div><\/div>\t\t\t\t\t\t\t\t<\/div>\n\t\t\t\t<\/div>\n\t\t\t\t<\/div>\n\t\t\t\t<\/div>","protected":false},"excerpt":{"rendered":"","protected":false},"author":1,"featured_media":0,"parent":0,"menu_order":0,"comment_status":"closed","ping_status":"closed","template":"elementor_header_footer","meta":{"footnotes":""},"class_list":["post-34","page","type-page","status-publish","hentry"],"_links":{"self":[{"href":"https:\/\/academy.pure-pmu.com\/it\/wp-json\/wp\/v2\/pages\/34","targetHints":{"allow":["GET"]}}],"collection":[{"href":"https:\/\/academy.pure-pmu.com\/it\/wp-json\/wp\/v2\/pages"}],"about":[{"href":"https:\/\/academy.pure-pmu.com\/it\/wp-json\/wp\/v2\/types\/page"}],"author":[{"embeddable":true,"href":"https:\/\/academy.pure-pmu.com\/it\/wp-json\/wp\/v2\/users\/1"}],"replies":[{"embeddable":true,"href":"https:\/\/academy.pure-pmu.com\/it\/wp-json\/wp\/v2\/comments?post=34"}],"version-history":[{"count":11,"href":"https:\/\/academy.pure-pmu.com\/it\/wp-json\/wp\/v2\/pages\/34\/revisions"}],"predecessor-version":[{"id":4944,"href":"https:\/\/academy.pure-pmu.com\/it\/wp-json\/wp\/v2\/pages\/34\/revisions\/4944"}],"wp:attachment":[{"href":"https:\/\/academy.pure-pmu.com\/it\/wp-json\/wp\/v2\/media?parent=34"}],"curies":[{"name":"wp","href":"https:\/\/api.w.org\/{rel}","templated":true}]}}