{"id":34,"date":"2026-03-28T19:11:05","date_gmt":"2026-03-28T19:11:05","guid":{"rendered":"https:\/\/academy.pure-pmu.com\/?page_id=34"},"modified":"2026-03-28T20:11:05","modified_gmt":"2026-03-28T19:11:05","slug":"rueckerstattung_rueckgaben","status":"publish","type":"page","link":"https:\/\/academy.pure-pmu.com\/fr\/rueckerstattung_rueckgaben\/","title":{"rendered":"Politique de remboursement"},"content":{"rendered":"<div data-elementor-type=\"wp-page\" data-elementor-id=\"34\" class=\"elementor elementor-34\" data-elementor-post-type=\"page\">\n\t\t\t\t<div class=\"elementor-element elementor-element-8aa9626 e-con-full e-flex e-con e-parent\" data-id=\"8aa9626\" data-element_type=\"container\">\n\t\t\t\t<div class=\"elementor-element elementor-element-8f020ea elementor-widget elementor-widget-text-editor\" data-id=\"8f020ea\" data-element_type=\"widget\" data-widget_type=\"text-editor.default\">\n\t\t\t\t<div class=\"elementor-widget-container\">\n\t\t\t\t\t\t\t\t\t<div  class=\"agb_content agb_revocation  notranslate\"><div><h2>A. Information sur le droit de r\u00e9tractation<\/h2>\n\n<h3>Introduction<\/h3>\n\n<p>Les consommateurs disposent d'un droit de r\u00e9tractation conform\u00e9ment aux dispositions suivantes, le consommateur \u00e9tant toute personne physique qui conclut un acte juridique \u00e0 des fins qui, pour l'essentiel, ne peuvent \u00eatre imput\u00e9es ni \u00e0 son activit\u00e9 commerciale ni \u00e0 son activit\u00e9 professionnelle ind\u00e9pendante :<\/p>\n\n<h3>Droit de r\u00e9tractation<\/h3>\n\n<p>Vous avez le droit de vous r\u00e9tracter du pr\u00e9sent contrat dans un d\u00e9lai de quatorze jours sans donner de motif.<\/p>\n\n<p>Le d\u00e9lai de r\u00e9tractation est de quatorze jours \u00e0 compter du jour o\u00f9 vous, ou un tiers autre que le transporteur et d\u00e9sign\u00e9 par vous, prenez ou avez pris possession du dernier produit.<\/p>\n\n<p>Par d\u00e9rogation \u00e0 ce qui pr\u00e9c\u00e8de, dans le cas d'un contrat portant sur la livraison r\u00e9guli\u00e8re de marchandises sur une p\u00e9riode d\u00e9termin\u00e9e, le d\u00e9lai de r\u00e9tractation est de quatorze jours \u00e0 compter du jour o\u00f9 vous, ou un tiers autre que le transporteur et d\u00e9sign\u00e9 par vous, prenez ou a pris possession de la premi\u00e8re marchandise.<\/p>\n\n<p>Pour exercer votre droit de r\u00e9tractation, vous devez nous informer (Pimp Your Skills GmbH, Traunuferstra\u00dfe 28, 4052 Ansfelden, Autriche, t\u00e9l. : +436607020589, e-mail : office@pure-pmu.com) de votre d\u00e9cision de vous r\u00e9tracter du pr\u00e9sent contrat au moyen d'une d\u00e9claration d\u00e9nu\u00e9e d'ambigu\u00eft\u00e9 (par exemple, une lettre envoy\u00e9e par la poste ou un e-mail). Vous pouvez utiliser \u00e0 cet effet le mod\u00e8le de formulaire de r\u00e9tractation ci-joint, qui n'est toutefois pas obligatoire.<\/p>\n\n<p>Pour que le d\u00e9lai de r\u00e9tractation soit respect\u00e9, il suffit que vous envoyiez la communication relative \u00e0 l'exercice du droit de r\u00e9tractation avant l'expiration du d\u00e9lai de r\u00e9tractation.<\/p>\n\n<h3>Cons\u00e9quences de la r\u00e9vocation<\/h3>\n\n<p>En cas de r\u00e9tractation du pr\u00e9sent contrat, nous vous rembourserons tous les paiements re\u00e7us de vous, y compris les frais de livraison (\u00e0 l'exception des frais suppl\u00e9mentaires d\u00e9coulant du fait que vous avez choisi un mode de livraison autre que le mode moins co\u00fbteux de livraison standard propos\u00e9 par nous), sans retard excessif et au plus tard quatorze jours \u00e0 compter de la date \u00e0 laquelle nous aurons \u00e9t\u00e9 inform\u00e9s de votre d\u00e9cision de r\u00e9tractation du pr\u00e9sent contrat. Pour ce remboursement, nous utilisons le m\u00eame moyen de paiement que celui que vous avez utilis\u00e9 pour la transaction initiale, \u00e0 moins qu'il n'en ait \u00e9t\u00e9 express\u00e9ment convenu autrement avec vous ; en aucun cas, des frais ne vous seront factur\u00e9s pour ce remboursement. Nous pouvons refuser le remboursement jusqu'\u00e0 ce que nous ayons r\u00e9cup\u00e9r\u00e9 les marchandises ou jusqu'\u00e0 ce que vous ayez fourni la preuve que vous avez renvoy\u00e9 les marchandises, la date retenue \u00e9tant celle du premier de ces faits.<\/p>\n\n<p>Vous devez nous renvoyer ou nous remettre les biens sans retard excessif et, en tout \u00e9tat de cause, au plus tard quatorze jours \u00e0 compter du jour o\u00f9 vous nous informez de votre d\u00e9cision de r\u00e9tractation du pr\u00e9sent contrat. Le d\u00e9lai est respect\u00e9 si vous renvoyez les marchandises avant l'expiration du d\u00e9lai de quatorze jours.<\/p>\n\n<p>Les frais directs de renvoi des marchandises sont \u00e0 votre charge.<\/p>\n\n<p>Vous n'\u00eates tenu d'assumer la responsabilit\u00e9 d'une \u00e9ventuelle d\u00e9pr\u00e9ciation des biens que si cette d\u00e9pr\u00e9ciation est due \u00e0 une manipulation des biens qui n'est pas n\u00e9cessaire pour en v\u00e9rifier la nature, les caract\u00e9ristiques et le fonctionnement.<\/p>\n\n<h2>B. Formulaire de r\u00e9tractation<\/h2>\n\n<p>Si vous souhaitez annuler le contrat, veuillez remplir ce formulaire et le renvoyer.<\/p>\n\n<p>\u00c0 l'adresse<\/p>\n\n<p>Pimp Your Skills GmbH<br \/>\n28, rue Traunuferstra\u00dfe<br \/>\n4052 Ansfelden<br \/>\nAutriche<\/p>\n\n<p>Courrier \u00e9lectronique : office@pure-pmu.com<\/p>\n\n<p>Par la pr\u00e9sente, je\/nous (*) r\u00e9voque(ons) le contrat que j'ai\/nous avons (*) conclu pour l'achat des marchandises suivantes (*) \/ la fourniture du service suivant (*)<\/p>\n\n<p>_______________________________________________________<\/p>\n\n<p>_______________________________________________________<\/p>\n\n<p>Command\u00e9 le (*) ____________ \/ re\u00e7u le (*) __________________<\/p>\n\n<p>________________________________________________________<br \/>\nNom du\/des consommateur(s)<\/p>\n\n<p>________________________________________________________<br \/>\nAdresse du\/des consommateur(s)<\/p>\n\n<p>________________________________________________________<br \/>\nSignature du\/des consommateur(s) (uniquement en cas de communication sur papier)<\/p>\n\n<p>_________________________<br \/>\nDate<\/p>\n\n<p>(*) Biffer la mention inutile<\/p><\/div><div id=\"itkanzlei_txt_copyright\" style=\"font-size: 12px; margin-top: 8em;\"><div style=\"display: inline-block; vertical-align: top;\"><a href=\"https:\/\/www.it-recht-kanzlei.de\/\" target=\"_blank\"><img decoding=\"async\" src=\"https:\/\/www.it-recht-kanzlei.de\/logo\/Copyright-Logo_Widerrufsbelehrung.png?i=5e74f-44ed1-39c9-907f-1\" id=\"itkanzlei_img_copyright\" alt=\"&copy; IT-Recht Kanzlei\" title=\"\u00a9 Cabinet IT-Droit\" style=\"margin-top: -20px; border-style: none; max-width: 100%;\" \/><\/a><\/div><div style=\"display: inline-block; vertical-align: top; margin-left: 5px; float: right; white-space: nowrap;\">Situation au 28.03.2026, 20:11:04<\/div><div style=\"clear: right;\"><\/div><\/div><\/div>\t\t\t\t\t\t\t\t<\/div>\n\t\t\t\t<\/div>\n\t\t\t\t<\/div>\n\t\t\t\t<\/div>","protected":false},"excerpt":{"rendered":"","protected":false},"author":1,"featured_media":0,"parent":0,"menu_order":0,"comment_status":"closed","ping_status":"closed","template":"elementor_header_footer","meta":{"footnotes":""},"class_list":["post-34","page","type-page","status-publish","hentry"],"_links":{"self":[{"href":"https:\/\/academy.pure-pmu.com\/fr\/wp-json\/wp\/v2\/pages\/34","targetHints":{"allow":["GET"]}}],"collection":[{"href":"https:\/\/academy.pure-pmu.com\/fr\/wp-json\/wp\/v2\/pages"}],"about":[{"href":"https:\/\/academy.pure-pmu.com\/fr\/wp-json\/wp\/v2\/types\/page"}],"author":[{"embeddable":true,"href":"https:\/\/academy.pure-pmu.com\/fr\/wp-json\/wp\/v2\/users\/1"}],"replies":[{"embeddable":true,"href":"https:\/\/academy.pure-pmu.com\/fr\/wp-json\/wp\/v2\/comments?post=34"}],"version-history":[{"count":11,"href":"https:\/\/academy.pure-pmu.com\/fr\/wp-json\/wp\/v2\/pages\/34\/revisions"}],"predecessor-version":[{"id":4944,"href":"https:\/\/academy.pure-pmu.com\/fr\/wp-json\/wp\/v2\/pages\/34\/revisions\/4944"}],"wp:attachment":[{"href":"https:\/\/academy.pure-pmu.com\/fr\/wp-json\/wp\/v2\/media?parent=34"}],"curies":[{"name":"wp","href":"https:\/\/api.w.org\/{rel}","templated":true}]}}