{"id":1301,"date":"2026-03-28T19:07:27","date_gmt":"2026-03-28T19:07:27","guid":{"rendered":"https:\/\/academy.pure-pmu.com\/?page_id=1301"},"modified":"2026-03-28T20:07:27","modified_gmt":"2026-03-28T19:07:27","slug":"impressum","status":"publish","type":"page","link":"https:\/\/academy.pure-pmu.com\/fr\/impressum\/","title":{"rendered":"Mentions l\u00e9gales"},"content":{"rendered":"<div data-elementor-type=\"wp-page\" data-elementor-id=\"1301\" class=\"elementor elementor-1301\" data-elementor-post-type=\"page\">\n\t\t\t\t<div class=\"elementor-element elementor-element-85734d9 e-con-full e-flex e-con e-parent\" data-id=\"85734d9\" data-element_type=\"container\">\n\t\t\t\t<div class=\"elementor-element elementor-element-1945943 elementor-widget elementor-widget-text-editor\" data-id=\"1945943\" data-element_type=\"widget\" data-widget_type=\"text-editor.default\">\n\t\t\t\t<div class=\"elementor-widget-container\">\n\t\t\t\t\t\t\t\t\t<div  class=\"agb_content agb_imprint  notranslate\"><div>Pimp Your Skills GmbH<br \/>\n28, rue Traunuferstra\u00dfe<br \/>\n4052 Ansfelden<br \/>\nAutriche<br \/>\n<br \/>\nT\u00e9l. : +436607020589<br \/>\nCourrier \u00e9lectronique : office@pure-pmu.com<br \/>\n<br \/>\nTribunal du registre du commerce : Tribunal r\u00e9gional de Linz<br \/>\nNum\u00e9ro de registre du commerce : 479109y<br \/>\n<br \/>\nDirecteur(trice) g\u00e9n\u00e9ral(e) : Thorsten Kreiling, Kerstin Ellmer-Kreiling<br \/>\n<br \/>\nNum\u00e9ro d'identification fiscale : ATU72691205<br \/>\n<br \/>\nAutorit\u00e9 selon ECG : Bezirkshauptmannschaft Linz-Land<br \/>\n<br \/>\nObjet de l'entreprise : studio de maquillage permanent et services de coaching<br \/>\n<br \/>\nNous ne sommes ni oblig\u00e9s ni dispos\u00e9s \u00e0 participer \u00e0 une proc\u00e9dure de r\u00e8glement des litiges devant un organisme de conciliation des consommateurs.<\/div><div id=\"itkanzlei_txt_copyright\" style=\"font-size: 12px; margin-top: 8em;\"><div style=\"display: inline-block; vertical-align: top; margin-left: 5px; float: right; white-space: nowrap;\">Situation au 28.03.2026, 20:07:25<\/div><div style=\"clear: right;\"><\/div><\/div><\/div>\t\t\t\t\t\t\t\t<\/div>\n\t\t\t\t<\/div>\n\t\t\t\t<\/div>\n\t\t\t\t<\/div>","protected":false},"excerpt":{"rendered":"","protected":false},"author":1,"featured_media":0,"parent":0,"menu_order":0,"comment_status":"closed","ping_status":"closed","template":"","meta":{"footnotes":""},"class_list":["post-1301","page","type-page","status-publish","hentry"],"_links":{"self":[{"href":"https:\/\/academy.pure-pmu.com\/fr\/wp-json\/wp\/v2\/pages\/1301","targetHints":{"allow":["GET"]}}],"collection":[{"href":"https:\/\/academy.pure-pmu.com\/fr\/wp-json\/wp\/v2\/pages"}],"about":[{"href":"https:\/\/academy.pure-pmu.com\/fr\/wp-json\/wp\/v2\/types\/page"}],"author":[{"embeddable":true,"href":"https:\/\/academy.pure-pmu.com\/fr\/wp-json\/wp\/v2\/users\/1"}],"replies":[{"embeddable":true,"href":"https:\/\/academy.pure-pmu.com\/fr\/wp-json\/wp\/v2\/comments?post=1301"}],"version-history":[{"count":16,"href":"https:\/\/academy.pure-pmu.com\/fr\/wp-json\/wp\/v2\/pages\/1301\/revisions"}],"predecessor-version":[{"id":4935,"href":"https:\/\/academy.pure-pmu.com\/fr\/wp-json\/wp\/v2\/pages\/1301\/revisions\/4935"}],"wp:attachment":[{"href":"https:\/\/academy.pure-pmu.com\/fr\/wp-json\/wp\/v2\/media?parent=1301"}],"curies":[{"name":"wp","href":"https:\/\/api.w.org\/{rel}","templated":true}]}}