{"id":34,"date":"2026-03-28T19:11:05","date_gmt":"2026-03-28T19:11:05","guid":{"rendered":"https:\/\/academy.pure-pmu.com\/?page_id=34"},"modified":"2026-03-28T20:11:05","modified_gmt":"2026-03-28T19:11:05","slug":"rueckerstattung_rueckgaben","status":"publish","type":"page","link":"https:\/\/academy.pure-pmu.com\/es\/rueckerstattung_rueckgaben\/","title":{"rendered":"Pol\u00edtica de devoluciones"},"content":{"rendered":"<div data-elementor-type=\"wp-page\" data-elementor-id=\"34\" class=\"elementor elementor-34\" data-elementor-post-type=\"page\">\n\t\t\t\t<div class=\"elementor-element elementor-element-8aa9626 e-con-full e-flex e-con e-parent\" data-id=\"8aa9626\" data-element_type=\"container\">\n\t\t\t\t<div class=\"elementor-element elementor-element-8f020ea elementor-widget elementor-widget-text-editor\" data-id=\"8f020ea\" data-element_type=\"widget\" data-widget_type=\"text-editor.default\">\n\t\t\t\t<div class=\"elementor-widget-container\">\n\t\t\t\t\t\t\t\t\t<div  class=\"agb_content agb_revocation  notranslate\"><div><h2>A. Pol\u00edtica de anulaci\u00f3n<\/h2>\n\n<h3>Introducci\u00f3n<\/h3>\n\n<p>Los consumidores tienen derecho de cancelaci\u00f3n de conformidad con las siguientes disposiciones, seg\u00fan las cuales un consumidor es toda persona f\u00edsica que celebra un negocio jur\u00eddico con fines que no pueden atribuirse predominantemente ni a su actividad comercial ni a su actividad profesional independiente:<\/p>\n\n<h3>Derecho de anulaci\u00f3n<\/h3>\n\n<p>Tiene derecho a rescindir este contrato en un plazo de catorce d\u00edas sin necesidad de justificaci\u00f3n.<\/p>\n\n<p>El plazo de desistimiento es de catorce d\u00edas a partir del d\u00eda en que usted o un tercero nombrado por usted, que no sea el transportista, tom\u00f3 posesi\u00f3n de la \u00faltima mercanc\u00eda.<\/p>\n\n<p>No obstante, en el caso de un contrato para la entrega peri\u00f3dica de bienes durante un periodo determinado, el plazo de desistimiento es de catorce d\u00edas a partir del d\u00eda en que usted o un tercero nombrado por usted, que no sea el transportista, tom\u00f3 posesi\u00f3n de los primeros bienes.<\/p>\n\n<p>Para ejercer el derecho de cancelaci\u00f3n, debe informarnos (Pimp Your Skills GmbH, Traunuferstra\u00dfe 28, 4052 Ansfelden, \u00d6sterreich, Tel.: +436607020589, E-Mail: office@pure-pmu.com) de su decisi\u00f3n de cancelar este contrato mediante una declaraci\u00f3n clara (por ejemplo, una carta enviada por correo postal o electr\u00f3nico). Puede utilizar el modelo de formulario de cancelaci\u00f3n adjunto, pero no es obligatorio.<\/p>\n\n<p>Para cumplir el plazo de cancelaci\u00f3n, basta con que env\u00ede su notificaci\u00f3n de ejercicio del derecho de cancelaci\u00f3n antes de que expire el plazo de cancelaci\u00f3n.<\/p>\n\n<h3>Consecuencias de la anulaci\u00f3n<\/h3>\n\n<p>Si desiste del presente contrato, le reembolsaremos todos los pagos que hayamos recibido de usted, incluidos los gastos de entrega (con excepci\u00f3n de los gastos suplementarios resultantes de la elecci\u00f3n por su parte de un tipo de entrega distinto del tipo menos costoso de entrega ordinaria que ofrezcamos), sin ninguna demora indebida y, en cualquier caso, a m\u00e1s tardar 14 d\u00edas a partir del d\u00eda en que se nos informe de su decisi\u00f3n de desistir del presente contrato. Para este reembolso, utilizaremos el mismo medio de pago que usted utiliz\u00f3 para la transacci\u00f3n original, salvo que se haya acordado expresamente otra cosa con usted; en ning\u00fan caso se le cobrar\u00e1n comisiones por este reembolso. Podremos retener el reembolso hasta que hayamos recibido los bienes de vuelta o hasta que usted haya presentado una prueba de que ha devuelto los bienes, seg\u00fan qu\u00e9 condici\u00f3n se cumpla primero.<\/p>\n\n<p>Debe devolvernos o entregarnos los bienes inmediatamente y, en cualquier caso, en un plazo m\u00e1ximo de catorce d\u00edas a partir del d\u00eda en que nos informe de la rescisi\u00f3n del presente contrato. El plazo se cumple si usted env\u00eda los bienes antes de que haya expirado el plazo de catorce d\u00edas.<\/p>\n\n<p>Usted corre con los gastos directos de devoluci\u00f3n de la mercanc\u00eda.<\/p>\n\n<p>S\u00f3lo tiene que pagar la p\u00e9rdida de valor de los bienes si \u00e9sta se debe a una manipulaci\u00f3n de los bienes que no sea necesaria para comprobar su estado, propiedades y funcionalidad.<\/p>\n\n<h2>B. Formulario de anulaci\u00f3n<\/h2>\n\n<p>Si desea rescindir el contrato, rellene y env\u00ede este formulario.<\/p>\n\n<p>A<\/p>\n\n<p>Pimp Your Skills GmbH<br \/>\nTraunuferstra\u00dfe 28<br \/>\n4052 Ansfelden<br \/>\nAustria<\/p>\n\n<p>Correo electr\u00f3nico: office@pure-pmu.com<\/p>\n\n<p>Yo\/nosotros (*) rescindimos el contrato celebrado por m\u00ed\/nosotros (*) para la compra de los siguientes bienes (*) \/ la prestaci\u00f3n del siguiente servicio (*)<\/p>\n\n<p>_______________________________________________________<\/p>\n\n<p>_______________________________________________________<\/p>\n\n<p>Pedido el (*) ____________ \/ recibido el (*) __________________<\/p>\n\n<p>________________________________________________________<br \/>\nNombre del consumidor o consumidores<\/p>\n\n<p>________________________________________________________<br \/>\nDirecci\u00f3n del consumidor o consumidores<\/p>\n\n<p>________________________________________________________<br \/>\nFirma del consumidor o consumidores (s\u00f3lo para notificaciones en papel)<\/p>\n\n<p>_________________________<br \/>\nfecha<\/p>\n\n<p>(*) T\u00e1chese lo que no proceda<\/p><\/div><div id=\"itkanzlei_txt_copyright\" style=\"font-size: 12px; margin-top: 8em;\"><div style=\"display: inline-block; vertical-align: top;\"><a href=\"https:\/\/www.it-recht-kanzlei.de\/\" target=\"_blank\"><img decoding=\"async\" src=\"https:\/\/www.it-recht-kanzlei.de\/logo\/Copyright-Logo_Widerrufsbelehrung.png?i=5e74f-44ed1-39c9-907f-1\" id=\"itkanzlei_img_copyright\" alt=\"&copy; IT-Recht Kanzlei\" title=\"Bufete de abogados inform\u00e1ticos\" style=\"margin-top: -20px; border-style: none; max-width: 100%;\" \/><\/a><\/div><div style=\"display: inline-block; vertical-align: top; margin-left: 5px; float: right; white-space: nowrap;\">Estado: 28.03.2026, 20:11:04<\/div><div style=\"clear: right;\"><\/div><\/div><\/div>\t\t\t\t\t\t\t\t<\/div>\n\t\t\t\t<\/div>\n\t\t\t\t<\/div>\n\t\t\t\t<\/div>","protected":false},"excerpt":{"rendered":"","protected":false},"author":1,"featured_media":0,"parent":0,"menu_order":0,"comment_status":"closed","ping_status":"closed","template":"elementor_header_footer","meta":{"footnotes":""},"class_list":["post-34","page","type-page","status-publish","hentry"],"_links":{"self":[{"href":"https:\/\/academy.pure-pmu.com\/es\/wp-json\/wp\/v2\/pages\/34","targetHints":{"allow":["GET"]}}],"collection":[{"href":"https:\/\/academy.pure-pmu.com\/es\/wp-json\/wp\/v2\/pages"}],"about":[{"href":"https:\/\/academy.pure-pmu.com\/es\/wp-json\/wp\/v2\/types\/page"}],"author":[{"embeddable":true,"href":"https:\/\/academy.pure-pmu.com\/es\/wp-json\/wp\/v2\/users\/1"}],"replies":[{"embeddable":true,"href":"https:\/\/academy.pure-pmu.com\/es\/wp-json\/wp\/v2\/comments?post=34"}],"version-history":[{"count":11,"href":"https:\/\/academy.pure-pmu.com\/es\/wp-json\/wp\/v2\/pages\/34\/revisions"}],"predecessor-version":[{"id":4944,"href":"https:\/\/academy.pure-pmu.com\/es\/wp-json\/wp\/v2\/pages\/34\/revisions\/4944"}],"wp:attachment":[{"href":"https:\/\/academy.pure-pmu.com\/es\/wp-json\/wp\/v2\/media?parent=34"}],"curies":[{"name":"wp","href":"https:\/\/api.w.org\/{rel}","templated":true}]}}