{"id":1313,"date":"2026-04-15T01:52:17","date_gmt":"2026-04-15T01:52:17","guid":{"rendered":"https:\/\/academy.pure-pmu.com\/?page_id=1313"},"modified":"2026-04-15T03:52:17","modified_gmt":"2026-04-15T01:52:17","slug":"agb","status":"publish","type":"page","link":"https:\/\/academy.pure-pmu.com\/es\/agb\/","title":{"rendered":"GTC"},"content":{"rendered":"<div data-elementor-type=\"wp-page\" data-elementor-id=\"1313\" class=\"elementor elementor-1313\" data-elementor-post-type=\"page\">\n\t\t\t\t<div class=\"elementor-element elementor-element-b19aece e-con-full e-flex e-con e-parent\" data-id=\"b19aece\" data-element_type=\"container\">\n\t\t\t\t<div class=\"elementor-element elementor-element-15ee38b elementor-widget elementor-widget-text-editor\" data-id=\"15ee38b\" data-element_type=\"widget\" data-widget_type=\"text-editor.default\">\n\t\t\t\t<div class=\"elementor-widget-container\">\n\t\t\t\t\t\t\t\t\t<div  class=\"agb_content agb_terms  notranslate\"><div><h2>\u00cdndice<\/h2>\n<ol>\n<li>\u00c1mbito de aplicaci\u00f3n<\/li>\n<li>Celebraci\u00f3n del contrato<\/li>\n<li>Derecho de anulaci\u00f3n<\/li>\n<li>Precios y condiciones de pago<\/li>\n<li>Condiciones de entrega y env\u00edo<\/li>\n<li>Conservaci\u00f3n del t\u00edtulo<\/li>\n<li>Responsabilidad por defectos (garant\u00eda)<\/li>\n<li>Legislaci\u00f3n aplicable<\/li>\n<li>Resoluci\u00f3n alternativa de litigios<\/li>\n<\/ol>\n\n<h2>1) \u00c1mbito de aplicaci\u00f3n<\/h2>\n\n<p><b>1.1<\/b>&nbsp;Las presentes Condiciones Generales de Contrataci\u00f3n (en lo sucesivo, \"CGC\") de la empresa Pimp Your Skills GmbH (en lo sucesivo, \"Vendedor\") se aplicar\u00e1n a todos los contratos celebrados entre un consumidor o un comerciante (en lo sucesivo, \"Cliente\") y el Vendedor relativos a todos los bienes y\/o servicios presentados en la tienda en l\u00ednea del Vendedor. Por la presente se rechaza la inclusi\u00f3n de los t\u00e9rminos y condiciones propios del cliente, a menos que se acuerde lo contrario.<\/p>\n\n<p><b>1.2<\/b>&nbsp;Un consumidor en el sentido de las presentes CGC es toda persona f\u00edsica que concluye un negocio jur\u00eddico con fines que no pueden atribuirse principalmente a su actividad comercial o profesional independiente.<\/p>\n\n<p><b>1.3<\/b>&nbsp;Un empresario en el sentido de estas CGC es una persona f\u00edsica o jur\u00eddica o una sociedad con capacidad jur\u00eddica que, al celebrar un negocio jur\u00eddico, act\u00faa en el ejercicio de su actividad profesional comercial o independiente.<\/p>\n\n<h2>2) Celebraci\u00f3n del contrato<\/h2>\n\n<p><b>2.1<\/b>&nbsp;Las descripciones de productos contenidas en la tienda online del vendedor no constituyen ofertas vinculantes por parte del vendedor, sino que sirven para presentar una oferta vinculante por parte del cliente.<\/p>\n\n<p><b>2.2<\/b>&nbsp;El cliente puede presentar la oferta a trav\u00e9s del formulario de pedido en l\u00ednea integrado en la tienda en l\u00ednea del vendedor. Tras colocar los bienes y\/o servicios seleccionados en la cesta de la compra virtual y pasar por el proceso de pedido electr\u00f3nico, el cliente presenta una oferta contractual jur\u00eddicamente vinculante en relaci\u00f3n con los bienes y\/o servicios contenidos en la cesta de la compra haciendo clic en el bot\u00f3n \"Pedir a t\u00edtulo oneroso\" al final del proceso de pedido.<\/p>\n\n<p><b>2.3<\/b>&nbsp;El vendedor puede aceptar la oferta del cliente en un plazo de cinco d\u00edas,<\/p>\n\n<ul>\n<li>enviando al cliente una confirmaci\u00f3n de pedido por escrito o una confirmaci\u00f3n de pedido en forma de texto (fax o correo electr\u00f3nico), siendo determinante a este respecto la recepci\u00f3n de la confirmaci\u00f3n de pedido por parte del cliente, o bien<\/li>\n<li>mediante la entrega al cliente de la mercanc\u00eda solicitada, siendo determinante la recepci\u00f3n de la mercanc\u00eda por parte del cliente, o bien<\/li>\n<li>solicitando el pago al cliente una vez realizado el pedido.<\/li>\n<\/ul>\n\n<p>Si existen varias de las alternativas mencionadas, el contrato se perfeccionar\u00e1 en el momento en que se produzca en primer lugar una de las alternativas mencionadas. El plazo de aceptaci\u00f3n de la oferta comienza el d\u00eda siguiente al env\u00edo de la oferta por parte del cliente y finaliza al t\u00e9rmino del quinto d\u00eda siguiente al env\u00edo de la oferta. Si el vendedor no acepta la oferta del cliente en el plazo mencionado, se considerar\u00e1 que rechaza la oferta, con la consecuencia de que el cliente deja de estar vinculado por su declaraci\u00f3n de intenciones.<\/p>\n\n<p><b>2.4<\/b>&nbsp;Cuando se presenta una oferta a trav\u00e9s del formulario de pedido en l\u00ednea del vendedor, el vendedor guarda el texto del contrato y lo env\u00eda al cliente en forma de texto (por ejemplo, correo electr\u00f3nico, fax o carta) tras el env\u00edo del pedido, junto con las presentes Condiciones Generales. Sin embargo, una vez enviado el pedido, el cliente ya no podr\u00e1 recuperar el texto del contrato a trav\u00e9s del sitio web del vendedor.<\/p>\n\n<p><b>2.5<\/b>&nbsp;Antes de realizar un pedido vinculante a trav\u00e9s del formulario de pedido en l\u00ednea del vendedor, el cliente puede reconocer posibles errores de introducci\u00f3n de datos leyendo atentamente la informaci\u00f3n que aparece en la pantalla. Un medio t\u00e9cnico eficaz para reconocer mejor los errores de introducci\u00f3n puede ser la funci\u00f3n de aumento del navegador, que ampl\u00eda la visualizaci\u00f3n en la pantalla. El cliente puede corregir sus entradas durante el proceso de pedido electr\u00f3nico utilizando las funciones habituales del teclado y el rat\u00f3n hasta que pulse el bot\u00f3n que finaliza el proceso de pedido.<\/p>\n\n<p><b>2.6<\/b>&nbsp;El idioma alem\u00e1n est\u00e1 disponible para la celebraci\u00f3n del contrato.<\/p>\n\n<p><b>2.7<\/b>&nbsp;La tramitaci\u00f3n del pedido y el contacto se realizan generalmente por correo electr\u00f3nico y mediante la tramitaci\u00f3n automatizada del pedido. El cliente debe asegurarse de que la direcci\u00f3n de correo electr\u00f3nico facilitada por \u00e9l para la tramitaci\u00f3n del pedido es correcta, de modo que los correos electr\u00f3nicos enviados por el vendedor puedan recibirse en dicha direcci\u00f3n. En particular, al utilizar filtros SPAM, el cliente debe asegurarse de que todos los correos electr\u00f3nicos enviados por el vendedor o por terceros encargados por el vendedor de tramitar el pedido puedan ser entregados.<\/p>\n\n<h2>3) Derecho de cancelaci\u00f3n<\/h2>\n\n<p><b>3.1<\/b>&nbsp;En general, los consumidores tienen derecho de cancelaci\u00f3n.<\/p>\n\n<p><b>3.2<\/b>&nbsp;Encontrar\u00e1 m\u00e1s informaci\u00f3n sobre el derecho de cancelaci\u00f3n en la pol\u00edtica de cancelaci\u00f3n del vendedor.<\/p>\n\n<h2>4) Precios y condiciones de pago<\/h2>\n\n<p><b>4.1<\/b>&nbsp;A menos que se indique lo contrario en la descripci\u00f3n del producto del vendedor, los precios indicados son precios totales que incluyen el IVA legal. Los gastos de entrega y env\u00edo adicionales se indicar\u00e1n por separado en la descripci\u00f3n del producto correspondiente.<\/p>\n\n<p><b>4.2<\/b>&nbsp;El cliente dispone de varias opciones de pago, que se indican en la tienda en l\u00ednea del vendedor justo al inicio del proceso de pedido.<\/p>\n\n<p><b>4.3<\/b>&nbsp;Si se ha acordado el pago por adelantado, el pago deber\u00e1 efectuarse inmediatamente despu\u00e9s de la celebraci\u00f3n del contrato.<\/p>\n\n<h2>5) Condiciones de entrega y env\u00edo<\/h2>\n\n<p><b>5.1<\/b>&nbsp;Salvo acuerdo en contrario, la mercanc\u00eda se entregar\u00e1 mediante env\u00edo a la direcci\u00f3n de entrega especificada por el cliente. La direcci\u00f3n de entrega especificada en la tramitaci\u00f3n del pedido del vendedor es determinante para la transacci\u00f3n.<\/p>\n\n<p><b>5.2<\/b>&nbsp;Si la empresa de transporte devuelve al vendedor la mercanc\u00eda enviada porque no ha sido posible la entrega al cliente, \u00e9ste correr\u00e1 con los gastos del env\u00edo fallido. Esto no se aplica si el cliente no es responsable de la circunstancia que provoc\u00f3 la imposibilidad de la entrega o si se le impidi\u00f3 temporalmente aceptar el servicio ofrecido, a menos que el vendedor le hubiera avisado del servicio con una antelaci\u00f3n razonable. Adem\u00e1s, esto no se aplica a los gastos de devoluci\u00f3n si el cliente ejerce efectivamente su derecho de desistimiento. Si el cliente ejerce efectivamente su derecho de desistimiento, se aplicar\u00e1 a los gastos de devoluci\u00f3n lo dispuesto en la pol\u00edtica de desistimiento del vendedor.<\/p>\n\n<p><b>5.3<\/b>&nbsp;La auto recogida no es posible por razones log\u00edsticas.<\/p>\n\n<h2>6) Conservaci\u00f3n del t\u00edtulo<\/h2>\n\n<p>Si el vendedor realiza el pago por adelantado, conservar\u00e1 la propiedad de los bienes entregados hasta que el precio de compra adeudado y todos los costes y gastos asociados hayan sido pagados en su totalidad.<\/p>\n\n<h2>7) Responsabilidad por defectos (garant\u00eda)<\/h2>\n\n<p>Salvo que se indique lo contrario en las disposiciones siguientes, se aplicar\u00e1n las disposiciones de responsabilidad legal por defectos. Como excepci\u00f3n, se aplicar\u00e1 lo siguiente a los contratos de entrega de mercanc\u00edas:<\/p>\n\n<p><b>7.1<\/b>&nbsp;Si el cliente act\u00faa como empresario,<\/p>\n\n<ul>\n<li>el vendedor puede elegir el tipo de cumplimiento posterior;<\/li>\n<li>el plazo de prescripci\u00f3n de los derechos de garant\u00eda de los bienes nuevos es de un a\u00f1o a partir de la entrega de los bienes;<\/li>\n<li>los derechos de garant\u00eda quedan excluidos para los bienes usados;<\/li>\n<li>el plazo de prescripci\u00f3n no se reanudar\u00e1 si se realiza una entrega de sustituci\u00f3n como parte de la responsabilidad por defectos.<\/li>\n<\/ul>\n\n<p><b>7.2<\/b>&nbsp;Las limitaciones de responsabilidad y el acortamiento de los plazos antes mencionados no se aplican<\/p>\n\n<ul>\n<li>para reclamaciones por da\u00f1os y reembolso de gastos por parte del cliente,<\/li>\n<li>en caso de que el vendedor haya ocultado fraudulentamente el defecto,<\/li>\n<li>para los bienes que se han utilizado para un edificio de acuerdo con su uso normal y han causado su defectuosidad,<\/li>\n<li>para cualquier obligaci\u00f3n existente del vendedor de proporcionar actualizaciones para productos digitales, en el caso de contratos de suministro de bienes con elementos digitales.<\/li>\n<\/ul>\n\n<p><b>7.3<\/b>&nbsp;Adem\u00e1s, para los empresarios, los plazos de prescripci\u00f3n de cualquier derecho de recurso legal existente no se ver\u00e1n afectados.<\/p>\n\n<p><b>7.4<\/b>&nbsp;Si el contrato es una transacci\u00f3n comercial para ambas partes en el sentido del art\u00edculo 343 (2) de la AT-UGB, el cliente estar\u00e1 sujeto a la obligaci\u00f3n comercial de inspecci\u00f3n y notificaci\u00f3n de defectos conforme al art\u00edculo 377 de la AT-UGB. Si el cliente no cumple las obligaciones de notificaci\u00f3n all\u00ed reguladas, la mercanc\u00eda se considerar\u00e1 aprobada.<\/p>\n\n<p><b>7.5<\/b>&nbsp;Si el cliente act\u00faa como consumidor, se le ruega que reclame al repartidor la mercanc\u00eda entregada con da\u00f1os de transporte evidentes y que informe de ello al vendedor. Si el cliente no lo hace, esto no tendr\u00e1 ning\u00fan efecto sobre sus reclamaciones legales o contractuales por defectos.<\/p>\n\n<h2>8) Legislaci\u00f3n aplicable<\/h2>\n\n<p>La ley de la Rep\u00fablica de Austria se aplicar\u00e1 a todas las relaciones jur\u00eddicas entre las partes, con exclusi\u00f3n de las leyes sobre la compraventa internacional de mercanc\u00edas. En el caso de los consumidores, esta elecci\u00f3n de ley s\u00f3lo se aplicar\u00e1 en la medida en que no se retire la protecci\u00f3n concedida por las disposiciones imperativas de la ley del pa\u00eds en el que el consumidor tenga su residencia habitual.<\/p>\n\n<h2>9) Resoluci\u00f3n alternativa de litigios<\/h2>\n\n<p>El vendedor no est\u00e1 obligado ni dispuesto a participar en un procedimiento de resoluci\u00f3n de litigios ante una junta arbitral de consumo.<\/p><\/div><div id=\"itkanzlei_txt_copyright\" style=\"font-size: 12px; margin-top: 8em;\"><div style=\"display: inline-block; vertical-align: top;\"><a href=\"https:\/\/www.it-recht-kanzlei.de\/\" target=\"_blank\"><img decoding=\"async\" src=\"https:\/\/www.it-recht-kanzlei.de\/logo\/Copyright-Logo_AGB.png?i=5e74f-44ed1-39c7-907d-1\" id=\"itkanzlei_img_copyright\" alt=\"&copy; IT-Recht Kanzlei\" title=\"Bufete de abogados inform\u00e1ticos\" style=\"margin-top: -20px; border-style: none; max-width: 100%;\" \/><\/a><\/div><div style=\"display: inline-block; vertical-align: top; margin-left: 5px; float: right; white-space: nowrap;\">Estado: 15\/04\/2026, 03:52:16<\/div><div style=\"clear: right;\"><\/div><\/div><\/div>\t\t\t\t\t\t\t\t<\/div>\n\t\t\t\t<\/div>\n\t\t\t\t<\/div>\n\t\t\t\t<\/div>","protected":false},"excerpt":{"rendered":"","protected":false},"author":1,"featured_media":0,"parent":0,"menu_order":0,"comment_status":"closed","ping_status":"closed","template":"","meta":{"footnotes":""},"class_list":["post-1313","page","type-page","status-publish","hentry"],"_links":{"self":[{"href":"https:\/\/academy.pure-pmu.com\/es\/wp-json\/wp\/v2\/pages\/1313","targetHints":{"allow":["GET"]}}],"collection":[{"href":"https:\/\/academy.pure-pmu.com\/es\/wp-json\/wp\/v2\/pages"}],"about":[{"href":"https:\/\/academy.pure-pmu.com\/es\/wp-json\/wp\/v2\/types\/page"}],"author":[{"embeddable":true,"href":"https:\/\/academy.pure-pmu.com\/es\/wp-json\/wp\/v2\/users\/1"}],"replies":[{"embeddable":true,"href":"https:\/\/academy.pure-pmu.com\/es\/wp-json\/wp\/v2\/comments?post=1313"}],"version-history":[{"count":19,"href":"https:\/\/academy.pure-pmu.com\/es\/wp-json\/wp\/v2\/pages\/1313\/revisions"}],"predecessor-version":[{"id":4938,"href":"https:\/\/academy.pure-pmu.com\/es\/wp-json\/wp\/v2\/pages\/1313\/revisions\/4938"}],"wp:attachment":[{"href":"https:\/\/academy.pure-pmu.com\/es\/wp-json\/wp\/v2\/media?parent=1313"}],"curies":[{"name":"wp","href":"https:\/\/api.w.org\/{rel}","templated":true}]}}